{"id":1795,"date":"2022-06-18T09:26:28","date_gmt":"2022-06-18T09:26:28","guid":{"rendered":"https:\/\/elgarage-dz.com\/wp\/?page_id=1795"},"modified":"2022-06-18T09:26:28","modified_gmt":"2022-06-18T09:26:28","slug":"compte","status":"publish","type":"page","link":"https:\/\/elgarage-dz.com\/wp\/compte\/","title":{"rendered":"Compte"},"content":{"rendered":"<div class=\"rtcl\"><div class=\"row\" id=\"rtcl-user-login-wrapper\">\n    <div class=\"col-md-6 rtcl-login-form-wrap\">\n        <h2>Connexion<\/h2>\n        <form id=\"rtcl-login-form\" class=\"form-horizontal\" method=\"post\">\n                        <div class=\"form-group\">\n                <label for=\"rtcl-user-login\" class=\"control-label\">\n                    Nom du Garage ou email                    <strong class=\"rtcl-required\">*<\/strong>\n                <\/label>\n                <input type=\"text\" name=\"username\" autocomplete=\"username\"\n                       value=\"\"\n                       id=\"rtcl-user-login\" class=\"form-control\" required\/>\n            <\/div>\n\n            <div class=\"form-group\">\n                <label for=\"rtcl-user-pass\" class=\"control-label\">\n                    Mot de passe                    <strong class=\"rtcl-required\">*<\/strong>\n                <\/label>\n                <input type=\"password\" name=\"password\" id=\"rtcl-user-pass\" autocomplete=\"current-password\"\n                       class=\"form-control\" required\/>\n            <\/div>\n\n            \n            <div class=\"form-group\">\n                <div id=\"rtcl-login-g-recaptcha\" class=\"mb-2\"><\/div>\n                <div id=\"rtcl-login-g-recaptcha-message\"><\/div>\n            <\/div>\n\n            <div class=\"form-group d-flex align-items-center\"> \n\n                <button type=\"submit\" name=\"rtcl-login\" class=\"btn btn-primary\" value=\"login\">\n                    Connexion                <\/button>\n                <div class=\"form-check\">\n                    <input type=\"checkbox\" name=\"rememberme\" id=\"rtcl-rememberme\" value=\"forever\">\n                    <label class=\"form-check-label\" for=\"rtcl-rememberme\">\n                        Se souvenir de moi                    <\/label>\n                <\/div>\n            <\/div>\n            <div class=\"form-group\">\n                <p class=\"rtcl-forgot-password\">\n                    <a href=\"https:\/\/elgarage-dz.com\/wp\/compte\/lost-password\/\">Avez-vous oubli\u00e9 votre mot de passe?<\/a>\n                <\/p>\n            <\/div>\n            <input type=\"hidden\" id=\"rtcl-login-nonce\" name=\"rtcl-login-nonce\" value=\"de2e788a0a\" \/><input type=\"hidden\" name=\"_wp_http_referer\" value=\"\/wp\/wp-json\/wp\/v2\/pages\/1795\" \/><input type=\"hidden\" name=\"redirect_to\" value=\"https:\/\/elgarage-dz.com\/wp\/wp-json\/wp\/v2\/pages\/1795\" \/>        <\/form>\n    <\/div>\n            <div class=\"col-md-6 rtcl-registration-form-wrap\">\n\n            <h2>S&#039;inscrire<\/h2>\n\n            <form id=\"rtcl-register-form\" class=\"form-horizontal\" method=\"post\">\n\n                        <div class=\"form-group row\">\n            <div class=\"col-md-6\">\n                <label for=\"rtcl-reg-first-name\" class=\"control-label\">\n\t\t\t\t\tPr\u00e9nom                    <strong class=\"rtcl-required\">*<\/strong>\n                <\/label>\n                <input type=\"text\" name=\"first_name\" id=\"rtcl-reg-first-name\"\n                       value=\"\"\n                       class=\"form-control\" required\/>\n            <\/div>\n            <div class=\"col-md-6\">\n                <label for=\"rtcl-reg-last-name\" class=\"control-label\">\n\t\t\t\t\tNom de famille                    <strong class=\"rtcl-required\">*<\/strong>\n                <\/label>\n                <input type=\"text\" name=\"last_name\"\n                       value=\"\"\n                       id=\"rtcl-reg-last-name\" class=\"form-control\" required\/>\n            <\/div>\n        <\/div>\n\t\t        <div class=\"form-group phone-row\">\n\t\t\t            <label for=\"rtcl-reg-phone\" class=\"control-label phone-label\">\n\t\t\t\tPhone Number                <strong class=\"rtcl-required\">*<\/strong>\n            <\/label>\n            <input type=\"text\" name=\"phone\"\n                   value=\"\"\n                   id=\"rtcl-reg-phone\" class=\"form-control\" required\/>\n\t\t\t        <\/div>\n\t\t\n                <div class=\"form-group\">\n                    <label for=\"rtcl-reg-username\" class=\"control-label\">\n                        Nom du Garage                        <strong class=\"rtcl-required\">*<\/strong>\n                    <\/label>\n                    <input type=\"text\" name=\"username\"\n                           value=\"\"\n                           autocomplete=\"username\" id=\"rtcl-reg-username\" class=\"form-control\" required\/>\n                    <span class=\"help-block\">Attention : Le nom du Garage ne peut pas \u00eatre modifi\u00e9.<\/span>\n                <\/div>\n\n                <div class=\"form-group\">\n                    <label for=\"rtcl-reg-email\" class=\"control-label\">\n                        Adresse e-mail                        <strong class=\"rtcl-required\">*<\/strong>\n                    <\/label>\n                    <input type=\"email\" name=\"email\"\n                           value=\"\"\n                           autocomplete=\"email\" id=\"rtcl-reg-email\" class=\"form-control\" required\/>\n                <\/div>\n\n                <div class=\"form-group\">\n                    <label for=\"rtcl-reg-password\" class=\"control-label\">\n                        Mot de passe                        <strong class=\"rtcl-required\">*<\/strong>\n                    <\/label>\n                    <input type=\"password\" name=\"password\" id=\"rtcl-reg-password\" autocomplete=\"new-password\"\n                           class=\"form-control rtcl-password\" required\/>\n                <\/div>\n\n                \n\t\t<div class=\"form-group rtcl-privacy-policy-wrap\">\n\t\t\t<div class=\"form-check\">\n\t\t\t\t<input id=\"rtcl-privacy-policy\" name=\"rtcl_privacy_policy\" type=\"checkbox\" class=\"form-check-input\" required>\n\t\t\t\t<label class=\"form-check-label\" for=\"rtcl-privacy-policy\">\n\t\t\t\t\t<p>A toute personne physique disposant de la pleine capacit\u00e9 juridique pour s'engager au titre des pr\u00e9sentes conditions g\u00e9n\u00e9rales. <a href=\"https:\/\/elgarage-dz.com\/wp\/privacy-policy\/\" class=\"rtcl-privacy-policy-link\" target=\"_blank\">privacy policy<\/a>.<\/p>\n\t\t\t\t<\/label>\n\t\t\t\t<div class=\"with-errors help-block\"\n\t\t\t\t\t data-error=\"This field is required\"><\/div>\n\t\t\t<\/div>\n\t\t<\/div>\n\t\t\n\t<div class=\"rtcl-registration-terms-conditions\">\n\t\t\t\t<div class=\"form-group\">\n\t\t\t<div class=\"form-check\">\n\t\t\t\t<input type=\"checkbox\"\n\t\t\t\t\t   class=\"form-check-input\"\n\t\t\t\t\t   name=\"rtcl_terms_conditions\"\n\t\t\t\t\t   id=\"rtcl-terms-conditions\"\n\t\t\t\t\t   required\n\t\t\t\t\t\t\t\t\t>\n\t\t\t\t<label class=\"form-check-label\" for=\"rtcl-terms-conditions\">\n\t\t\t\t\tJe valide les conditions d'utilisation du site web Elgarage-dz.com\t\t\t\t<\/label>\n\t\t\t\t<div class=\"with-errors help-block\"\n\t\t\t\t\t data-error=\"This field is required\"><\/div>\n\t\t\t<\/div>\n\t\t<\/div>\n\t<\/div>\n\t\n                <div class=\"form-group\">\n                    <div id=\"rtcl-registration-g-recaptcha\" class=\"mb-2\"><\/div>\n                    <div id=\"rtcl-registration-g-recaptcha-message\"><\/div>\n                    <input type=\"submit\" name=\"rtcl-register\" class=\"btn btn-primary\"\n                           value=\"S&#039;inscrire\"\/>\n                <\/div>\n                <input type=\"hidden\" id=\"rtcl-register-nonce\" name=\"rtcl-register-nonce\" value=\"1d4fc19fbe\" \/><input type=\"hidden\" name=\"_wp_http_referer\" value=\"\/wp\/wp-json\/wp\/v2\/pages\/1795\" \/><input type=\"hidden\" name=\"redirect_to\" value=\"https:\/\/elgarage-dz.com\/wp\/wp-json\/wp\/v2\/pages\/1795\" \/>            <\/form>\n        <\/div>\n    <\/div>\n<\/div>\n","protected":false},"excerpt":{"rendered":"","protected":false},"author":1,"featured_media":0,"parent":0,"menu_order":0,"comment_status":"closed","ping_status":"closed","template":"","meta":{"_rtcl_gb_attr":"","footnotes":""},"class_list":["post-1795","page","type-page","status-publish","hentry"],"_links":{"self":[{"href":"https:\/\/elgarage-dz.com\/wp\/wp-json\/wp\/v2\/pages\/1795","targetHints":{"allow":["GET"]}}],"collection":[{"href":"https:\/\/elgarage-dz.com\/wp\/wp-json\/wp\/v2\/pages"}],"about":[{"href":"https:\/\/elgarage-dz.com\/wp\/wp-json\/wp\/v2\/types\/page"}],"author":[{"embeddable":true,"href":"https:\/\/elgarage-dz.com\/wp\/wp-json\/wp\/v2\/users\/1"}],"replies":[{"embeddable":true,"href":"https:\/\/elgarage-dz.com\/wp\/wp-json\/wp\/v2\/comments?post=1795"}],"version-history":[{"count":0,"href":"https:\/\/elgarage-dz.com\/wp\/wp-json\/wp\/v2\/pages\/1795\/revisions"}],"wp:attachment":[{"href":"https:\/\/elgarage-dz.com\/wp\/wp-json\/wp\/v2\/media?parent=1795"}],"curies":[{"name":"wp","href":"https:\/\/api.w.org\/{rel}","templated":true}]}}